{"id":54,"date":"2025-06-05T19:15:24","date_gmt":"2025-06-05T19:15:24","guid":{"rendered":"https:\/\/brandsmalogies.com\/?page_id=54"},"modified":"2025-06-05T20:42:25","modified_gmt":"2025-06-05T20:42:25","slug":"brandsma-logies-welkom-op-de-iepenlaan-in-sneek","status":"publish","type":"page","link":"https:\/\/www.brandsmalogies.com\/","title":{"rendered":"Appartement Sneek"},"content":{"rendered":"\n<div class=\"wp-block-cover alignfull is-light\" style=\"margin-top:0;padding-top:5vw;padding-right:5vw;padding-bottom:5vw;padding-left:5vw;min-height:100vh;aspect-ratio:unset;\"><span aria-hidden=\"true\" class=\"wp-block-cover__background has-accent-4-background-color has-background-dim-100 has-background-dim\"><\/span><div class=\"wp-block-cover__inner-container is-layout-flow wp-block-cover-is-layout-flow\">\n<div class=\"wp-block-group is-layout-flex wp-container-core-group-is-layout-e4aad5c3 wp-block-group-is-layout-flex\">\n<div class=\"wp-block-group wp-container-content-9cfa9a5a is-layout-flow wp-container-core-group-is-layout-d6743c7d wp-block-group-is-layout-flow\">\n<p class=\"has-text-align-left has-black-color has-text-color\" style=\"font-size:clamp(67.975px, 4.248rem + ((1vw - 3.2px) * 8.336), 148px);font-style:normal;font-weight:700;letter-spacing:-4px;line-height:0.9;text-transform:none\">Welkom<\/p>\n\n\n\n<p class=\"has-text-align-left has-white-color has-text-color\" style=\"font-size:clamp(67.975px, 4.248rem + ((1vw - 3.2px) * 8.336), 148px);font-style:normal;font-weight:700;letter-spacing:-4px;line-height:0.9;text-transform:none\">\u2014 bij Brandsma Logies<\/p>\n<\/div>\n\n\n\n<figure class=\"wp-block-image size-large is-resized has-custom-border\"><img loading=\"lazy\" decoding=\"async\" width=\"865\" height=\"1024\" src=\"https:\/\/brandsmalogies.com\/wp-content\/uploads\/2025\/06\/IMG_4163-865x1024.png\" alt=\"\" class=\"wp-image-22\" style=\"border-radius:24px;width:325px;height:auto\" srcset=\"https:\/\/www.brandsmalogies.com\/wp-content\/uploads\/2025\/06\/IMG_4163-865x1024.png 865w, https:\/\/www.brandsmalogies.com\/wp-content\/uploads\/2025\/06\/IMG_4163-254x300.png 254w, https:\/\/www.brandsmalogies.com\/wp-content\/uploads\/2025\/06\/IMG_4163-768x909.png 768w, https:\/\/www.brandsmalogies.com\/wp-content\/uploads\/2025\/06\/IMG_4163-1298x1536.png 1298w, https:\/\/www.brandsmalogies.com\/wp-content\/uploads\/2025\/06\/IMG_4163-1731x2048.png 1731w\" sizes=\"auto, (max-width: 865px) 100vw, 865px\" \/><\/figure>\n\n\n\n<div style=\"height:100px;width:212px\" aria-hidden=\"true\" class=\"wp-block-spacer wp-container-content-a7b28432\"><\/div>\n\n\n\n<div class=\"wp-block-group wp-container-content-3b4e4270 is-vertical is-nowrap is-layout-flex wp-container-core-group-is-layout-82cc2081 wp-block-group-is-layout-flex\">\n<p style=\"font-size:clamp(14px, 0.875rem + ((1vw - 3.2px) * 0.521), 19px);font-style:normal;font-weight:500;letter-spacing:0px;line-height:1.4;text-decoration:none;text-transform:none\">Ruim en modern appartement in de bruisende stad Sneek. Gelegen op loopafstand van de gezellige winkelstraten, restaurantjes en supermarkten. Het appartement is van alle gemakken voorzien voor een heerlijk ontspannend verblijf. De woning is geschikt voor twee tot vier personen, \u00e9\u00e9n slaapkamer met een twee persoons bed en \u00e9\u00e9n slaapkamer met twee \u00e9\u00e9npersoonsbedden. Daarnaast is er een campingbedje en kinder stoel voor de allerkleinsten beschikbaar.<\/p>\n\n\n\n<p><\/p>\n\n\n\n<div class=\"wp-block-buttons is-layout-flex wp-block-buttons-is-layout-flex\">\n<div class=\"wp-block-button\"><a class=\"wp-block-button__link has-white-color has-black-background-color has-text-color has-background has-custom-font-size wp-element-button\" href=\"https:\/\/airbnb.nl\/h\/brandsmalogies\" style=\"border-style:none;border-width:0px;border-radius:100px;padding-top:24px;padding-right:36px;padding-bottom:24px;padding-left:36px;font-size:clamp(14px, 0.875rem + ((1vw - 3.2px) * 0.625), 20px);font-style:normal;font-weight:700;letter-spacing:0px;text-decoration:none;text-transform:none\">Bekijk het appartement<\/a><\/div>\n<\/div>\n<\/div>\n<\/div>\n<\/div><\/div>\n\n\n\n<div style=\"height:29px\" aria-hidden=\"true\" class=\"wp-block-spacer\"><\/div>\n\n\n\n<div class=\"wp-block-columns alignwide is-layout-flex wp-container-core-columns-is-layout-f369e703 wp-block-columns-is-layout-flex\" style=\"margin-top:var(--wp--preset--spacing--10);margin-bottom:var(--wp--preset--spacing--10)\">\n<div class=\"wp-block-column is-layout-flow wp-block-column-is-layout-flow\">\n<figure class=\"wp-block-image aligncenter size-large is-resized has-custom-border\"><img loading=\"lazy\" decoding=\"async\" width=\"937\" height=\"1024\" src=\"https:\/\/brandsmalogies.com\/wp-content\/uploads\/2025\/06\/IMG_5767_01-937x1024.png\" alt=\"\" class=\"wp-image-37\" style=\"border-radius:30px;width:394px;height:auto\" srcset=\"https:\/\/www.brandsmalogies.com\/wp-content\/uploads\/2025\/06\/IMG_5767_01-937x1024.png 937w, https:\/\/www.brandsmalogies.com\/wp-content\/uploads\/2025\/06\/IMG_5767_01-274x300.png 274w, https:\/\/www.brandsmalogies.com\/wp-content\/uploads\/2025\/06\/IMG_5767_01-768x840.png 768w, https:\/\/www.brandsmalogies.com\/wp-content\/uploads\/2025\/06\/IMG_5767_01-1405x1536.png 1405w, https:\/\/www.brandsmalogies.com\/wp-content\/uploads\/2025\/06\/IMG_5767_01.png 1769w\" sizes=\"auto, (max-width: 937px) 100vw, 937px\" \/><\/figure>\n<\/div>\n\n\n\n<div class=\"wp-block-column is-vertically-aligned-top is-layout-flow wp-block-column-is-layout-flow\">\n<figure class=\"wp-block-image aligncenter size-large is-resized has-custom-border\"><img loading=\"lazy\" decoding=\"async\" width=\"768\" height=\"1024\" src=\"https:\/\/brandsmalogies.com\/wp-content\/uploads\/2025\/06\/IMG_6264-768x1024.jpeg\" alt=\"\" class=\"wp-image-25\" style=\"border-radius:30px;width:316px;height:auto\" srcset=\"https:\/\/www.brandsmalogies.com\/wp-content\/uploads\/2025\/06\/IMG_6264-768x1024.jpeg 768w, https:\/\/www.brandsmalogies.com\/wp-content\/uploads\/2025\/06\/IMG_6264-225x300.jpeg 225w, https:\/\/www.brandsmalogies.com\/wp-content\/uploads\/2025\/06\/IMG_6264-1152x1536.jpeg 1152w, https:\/\/www.brandsmalogies.com\/wp-content\/uploads\/2025\/06\/IMG_6264-1536x2048.jpeg 1536w, https:\/\/www.brandsmalogies.com\/wp-content\/uploads\/2025\/06\/IMG_6264-scaled.jpeg 1920w\" sizes=\"auto, (max-width: 768px) 100vw, 768px\" \/><\/figure>\n<\/div>\n<\/div>\n\n\n\n<div style=\"height:75px\" aria-hidden=\"true\" class=\"wp-block-spacer\"><\/div>\n\n\n\n<div class=\"wp-block-group alignwide has-global-padding is-layout-constrained wp-block-group-is-layout-constrained\">\n<h1 class=\"wp-block-heading alignwide has-large-font-size\" style=\"line-height:1.2\">Ruim en modern appartement in de bruisende stad Sneek. Gelegen op loopafstand van de gezellige winkelstraten, restaurantjes en supermarkten. Het appartement is van alle gemakken voorzien voor een heerlijk ontspannend verblijf. De woning is geschikt voor twee tot vier personen, \u00e9\u00e9n slaapkamer met een twee persoons bed en \u00e9\u00e9n slaapkamer met twee \u00e9\u00e9npersoonsbedden. Daarnaast is er een campingbedje en kinder stoel voor de allerkleinsten beschikbaar.<\/h1>\n<\/div>\n\n\n\n<div style=\"height:86px\" aria-hidden=\"true\" class=\"wp-block-spacer\"><\/div>\n\n\n\n<h2 class=\"wp-block-heading alignwide\">Wat heeft deze ruimte te bieden?<\/h2>\n\n\n\n<h3 class=\"wp-block-heading\">Slaapkamer en was<\/h3>\n\n\n\n<ul class=\"wp-block-list\">\n<li>Beddengoed<\/li>\n\n\n\n<li>Opbergruimte voor kleding<\/li>\n<\/ul>\n\n\n\n<h3 class=\"wp-block-heading\">Amusement<\/h3>\n\n\n\n<ul class=\"wp-block-list\">\n<li>TV<\/li>\n\n\n\n<li>Boeken en leesmateriaal<\/li>\n<\/ul>\n\n\n\n<h3 class=\"wp-block-heading\">Familie<\/h3>\n\n\n\n<ul class=\"wp-block-list\">\n<li>Pack \u2019n play\/Reiswieg &#8211; op aanvraag beschikbaar<\/li>\n\n\n\n<li>Losse kinderstoel &#8211; op aanvraag beschikbaar<\/li>\n\n\n\n<li>Bordspellen<\/li>\n<\/ul>\n\n\n\n<h3 class=\"wp-block-heading\">Veiligheid in huis<\/h3>\n\n\n\n<ul class=\"wp-block-list\">\n<li>Rookmelder<\/li>\n\n\n\n<li>Koolmonoxidemelder<\/li>\n\n\n\n<li>Blusapparaat<\/li>\n\n\n\n<li>EHBO-doos<\/li>\n<\/ul>\n\n\n\n<h3 class=\"wp-block-heading\">Internet en kantoor<\/h3>\n\n\n\n<ul class=\"wp-block-list\">\n<li>Wifi<\/li>\n<\/ul>\n\n\n\n<h3 class=\"wp-block-heading\">Keuken en eethoek<\/h3>\n\n\n\n<ul class=\"wp-block-list\">\n<li>KeukenKeuken voor de gasten om maaltijden te maken<\/li>\n\n\n\n<li>Koelkast<\/li>\n\n\n\n<li>Magnetron<\/li>\n\n\n\n<li>KookbenodigdhedenPannen, olie, zout en peper<\/li>\n\n\n\n<li>Borden en bestekSchalen, eetstokjes, borden, bekers, enz.<\/li>\n\n\n\n<li>Vriezer<\/li>\n\n\n\n<li>Vaatwasser<\/li>\n\n\n\n<li>Oven<\/li>\n\n\n\n<li>Waterkoker<\/li>\n\n\n\n<li>Koffiezetapparaat<\/li>\n\n\n\n<li>Wijnglazen<\/li>\n\n\n\n<li>Eettafel<\/li>\n\n\n\n<li>Koffie<\/li>\n<\/ul>\n\n\n\n<h3 class=\"wp-block-heading\">Parkeren en faciliteiten<\/h3>\n\n\n\n<ul class=\"wp-block-list\">\n<li>Gratis parkeren op het terrein<\/li>\n\n\n\n<li>Gratis parkeren op straat<\/li>\n<\/ul>\n\n\n\n<h3 class=\"wp-block-heading\">Services<\/h3>\n\n\n\n<ul class=\"wp-block-list\">\n<li>Verhuurder zal je verwelkomen<\/li>\n<\/ul>\n\n\n\n<p><\/p>\n\n\n\n<div style=\"height:40px\" aria-hidden=\"true\" class=\"wp-block-spacer\"><\/div>\n\n\n\n<h2 class=\"wp-block-heading alignwide\">Contact gegevens:<\/h2>\n\n\n\n<p><a href=\"mailto:info@brandsmalogies.com\" data-type=\"mailto\" data-id=\"mailto:info@brandsmalogies.com\">info@brandsmalogies.com <\/a>     <br><\/p>\n\n\n\n<p>Alina Brandsma: +31 6 54 21 56 69<\/p>\n\n\n\n<p>Julia Visser: +31 6 37 43 15 58<\/p>\n\n\n\n<p><\/p>\n","protected":false},"excerpt":{"rendered":"<p>Ruim en modern appartement in de bruisende stad Sneek. Gelegen op loopafstand van de gezellige winkelstraten, restaurantjes en supermarkten. Het appartement is van alle gemakken voorzien voor een heerlijk ontspannend verblijf. De woning is geschikt voor twee tot vier personen, \u00e9\u00e9n slaapkamer met een twee persoons bed en \u00e9\u00e9n slaapkamer met twee \u00e9\u00e9npersoonsbedden. Daarnaast is [&hellip;]<\/p>\n","protected":false},"author":1,"featured_media":0,"parent":0,"menu_order":0,"comment_status":"closed","ping_status":"closed","template":"","meta":{"_seopress_robots_primary_cat":"","_seopress_titles_title":"","_seopress_titles_desc":"","_seopress_robots_index":"","footnotes":""},"class_list":["post-54","page","type-page","status-publish","hentry"],"yoast_head":"<!-- This site is optimized with the Yoast SEO plugin v25.2 - https:\/\/yoast.com\/wordpress\/plugins\/seo\/ -->\n<title>Appartement Sneek - Brandsma Logies Sneek<\/title>\n<meta name=\"description\" content=\"Ruim en modern appartement in de bruisende stad Sneek. Gelegen op loopafstand van de gezellige winkelstraten, restaurantjes en supermarkten. Het appartement is van alle gemakken voorzien voor een heerlijk ontspannend verblijf. De woning is geschikt voor twee tot vier personen, \u00e9\u00e9n slaapkamer met een twee persoons bed en \u00e9\u00e9n slaapkamer met twee \u00e9\u00e9npersoonsbedden. Daarnaast is er een campingbedje en kinder stoel voor de allerkleinsten beschikbaar.\" \/>\n<meta name=\"robots\" content=\"index, follow, max-snippet:-1, max-image-preview:large, max-video-preview:-1\" \/>\n<link rel=\"canonical\" href=\"https:\/\/www.brandsmalogies.com\/\" \/>\n<meta property=\"og:locale\" content=\"nl_NL\" \/>\n<meta property=\"og:type\" content=\"article\" \/>\n<meta property=\"og:title\" content=\"Appartement Sneek - Brandsma Logies Sneek\" \/>\n<meta property=\"og:description\" content=\"Ruim en modern appartement in de bruisende stad Sneek. Gelegen op loopafstand van de gezellige winkelstraten, restaurantjes en supermarkten. Het appartement is van alle gemakken voorzien voor een heerlijk ontspannend verblijf. De woning is geschikt voor twee tot vier personen, \u00e9\u00e9n slaapkamer met een twee persoons bed en \u00e9\u00e9n slaapkamer met twee \u00e9\u00e9npersoonsbedden. Daarnaast is er een campingbedje en kinder stoel voor de allerkleinsten beschikbaar.\" \/>\n<meta property=\"og:url\" content=\"https:\/\/www.brandsmalogies.com\/\" \/>\n<meta property=\"og:site_name\" content=\"Brandsma Logies Sneek\" \/>\n<meta property=\"article:modified_time\" content=\"2025-06-05T20:42:25+00:00\" \/>\n<meta property=\"og:image\" content=\"https:\/\/www.brandsmalogies.com\/wp-content\/uploads\/2025\/06\/IMG_4163-scaled.png\" \/>\n\t<meta property=\"og:image:width\" content=\"2164\" \/>\n\t<meta property=\"og:image:height\" content=\"2560\" \/>\n\t<meta property=\"og:image:type\" content=\"image\/png\" \/>\n<meta name=\"twitter:card\" content=\"summary_large_image\" \/>\n<meta name=\"twitter:label1\" content=\"Geschatte leestijd\" \/>\n\t<meta name=\"twitter:data1\" content=\"3 minuten\" \/>\n<script type=\"application\/ld+json\" class=\"yoast-schema-graph\">{\"@context\":\"https:\/\/schema.org\",\"@graph\":[{\"@type\":\"WebPage\",\"@id\":\"https:\/\/www.brandsmalogies.com\/\",\"url\":\"https:\/\/www.brandsmalogies.com\/\",\"name\":\"Appartement Sneek - Brandsma Logies Sneek\",\"isPartOf\":{\"@id\":\"https:\/\/www.brandsmalogies.com\/#website\"},\"primaryImageOfPage\":{\"@id\":\"https:\/\/www.brandsmalogies.com\/#primaryimage\"},\"image\":{\"@id\":\"https:\/\/www.brandsmalogies.com\/#primaryimage\"},\"thumbnailUrl\":\"https:\/\/brandsmalogies.com\/wp-content\/uploads\/2025\/06\/IMG_4163-865x1024.png\",\"datePublished\":\"2025-06-05T19:15:24+00:00\",\"dateModified\":\"2025-06-05T20:42:25+00:00\",\"description\":\"Ruim en modern appartement in de bruisende stad Sneek. Gelegen op loopafstand van de gezellige winkelstraten, restaurantjes en supermarkten. Het appartement is van alle gemakken voorzien voor een heerlijk ontspannend verblijf. De woning is geschikt voor twee tot vier personen, \u00e9\u00e9n slaapkamer met een twee persoons bed en \u00e9\u00e9n slaapkamer met twee \u00e9\u00e9npersoonsbedden. Daarnaast is er een campingbedje en kinder stoel voor de allerkleinsten beschikbaar.\",\"breadcrumb\":{\"@id\":\"https:\/\/www.brandsmalogies.com\/#breadcrumb\"},\"inLanguage\":\"nl-NL\",\"potentialAction\":[{\"@type\":\"ReadAction\",\"target\":[\"https:\/\/www.brandsmalogies.com\/\"]}]},{\"@type\":\"ImageObject\",\"inLanguage\":\"nl-NL\",\"@id\":\"https:\/\/www.brandsmalogies.com\/#primaryimage\",\"url\":\"https:\/\/brandsmalogies.com\/wp-content\/uploads\/2025\/06\/IMG_4163-865x1024.png\",\"contentUrl\":\"https:\/\/brandsmalogies.com\/wp-content\/uploads\/2025\/06\/IMG_4163-865x1024.png\"},{\"@type\":\"BreadcrumbList\",\"@id\":\"https:\/\/www.brandsmalogies.com\/#breadcrumb\",\"itemListElement\":[{\"@type\":\"ListItem\",\"position\":1,\"name\":\"Home\",\"item\":\"https:\/\/www.brandsmalogies.com\/\"},{\"@type\":\"ListItem\",\"position\":2,\"name\":\"Appartement Sneek\"}]},{\"@type\":\"WebSite\",\"@id\":\"https:\/\/www.brandsmalogies.com\/#website\",\"url\":\"https:\/\/www.brandsmalogies.com\/\",\"name\":\"Brandsma Logies Sneek\",\"description\":\"Ruim en modern appartement in de bruisende stad Sneek.\",\"potentialAction\":[{\"@type\":\"SearchAction\",\"target\":{\"@type\":\"EntryPoint\",\"urlTemplate\":\"https:\/\/www.brandsmalogies.com\/?s={search_term_string}\"},\"query-input\":{\"@type\":\"PropertyValueSpecification\",\"valueRequired\":true,\"valueName\":\"search_term_string\"}}],\"inLanguage\":\"nl-NL\"}]}<\/script>\n<!-- \/ Yoast SEO plugin. -->","yoast_head_json":{"title":"Appartement Sneek - Brandsma Logies Sneek","description":"Ruim en modern appartement in de bruisende stad Sneek. Gelegen op loopafstand van de gezellige winkelstraten, restaurantjes en supermarkten. Het appartement is van alle gemakken voorzien voor een heerlijk ontspannend verblijf. De woning is geschikt voor twee tot vier personen, \u00e9\u00e9n slaapkamer met een twee persoons bed en \u00e9\u00e9n slaapkamer met twee \u00e9\u00e9npersoonsbedden. Daarnaast is er een campingbedje en kinder stoel voor de allerkleinsten beschikbaar.","robots":{"index":"index","follow":"follow","max-snippet":"max-snippet:-1","max-image-preview":"max-image-preview:large","max-video-preview":"max-video-preview:-1"},"canonical":"https:\/\/www.brandsmalogies.com\/","og_locale":"nl_NL","og_type":"article","og_title":"Appartement Sneek - Brandsma Logies Sneek","og_description":"Ruim en modern appartement in de bruisende stad Sneek. Gelegen op loopafstand van de gezellige winkelstraten, restaurantjes en supermarkten. Het appartement is van alle gemakken voorzien voor een heerlijk ontspannend verblijf. De woning is geschikt voor twee tot vier personen, \u00e9\u00e9n slaapkamer met een twee persoons bed en \u00e9\u00e9n slaapkamer met twee \u00e9\u00e9npersoonsbedden. Daarnaast is er een campingbedje en kinder stoel voor de allerkleinsten beschikbaar.","og_url":"https:\/\/www.brandsmalogies.com\/","og_site_name":"Brandsma Logies Sneek","article_modified_time":"2025-06-05T20:42:25+00:00","og_image":[{"width":2164,"height":2560,"url":"https:\/\/www.brandsmalogies.com\/wp-content\/uploads\/2025\/06\/IMG_4163-scaled.png","type":"image\/png"}],"twitter_card":"summary_large_image","twitter_misc":{"Geschatte leestijd":"3 minuten"},"schema":{"@context":"https:\/\/schema.org","@graph":[{"@type":"WebPage","@id":"https:\/\/www.brandsmalogies.com\/","url":"https:\/\/www.brandsmalogies.com\/","name":"Appartement Sneek - Brandsma Logies Sneek","isPartOf":{"@id":"https:\/\/www.brandsmalogies.com\/#website"},"primaryImageOfPage":{"@id":"https:\/\/www.brandsmalogies.com\/#primaryimage"},"image":{"@id":"https:\/\/www.brandsmalogies.com\/#primaryimage"},"thumbnailUrl":"https:\/\/brandsmalogies.com\/wp-content\/uploads\/2025\/06\/IMG_4163-865x1024.png","datePublished":"2025-06-05T19:15:24+00:00","dateModified":"2025-06-05T20:42:25+00:00","description":"Ruim en modern appartement in de bruisende stad Sneek. Gelegen op loopafstand van de gezellige winkelstraten, restaurantjes en supermarkten. Het appartement is van alle gemakken voorzien voor een heerlijk ontspannend verblijf. De woning is geschikt voor twee tot vier personen, \u00e9\u00e9n slaapkamer met een twee persoons bed en \u00e9\u00e9n slaapkamer met twee \u00e9\u00e9npersoonsbedden. Daarnaast is er een campingbedje en kinder stoel voor de allerkleinsten beschikbaar.","breadcrumb":{"@id":"https:\/\/www.brandsmalogies.com\/#breadcrumb"},"inLanguage":"nl-NL","potentialAction":[{"@type":"ReadAction","target":["https:\/\/www.brandsmalogies.com\/"]}]},{"@type":"ImageObject","inLanguage":"nl-NL","@id":"https:\/\/www.brandsmalogies.com\/#primaryimage","url":"https:\/\/brandsmalogies.com\/wp-content\/uploads\/2025\/06\/IMG_4163-865x1024.png","contentUrl":"https:\/\/brandsmalogies.com\/wp-content\/uploads\/2025\/06\/IMG_4163-865x1024.png"},{"@type":"BreadcrumbList","@id":"https:\/\/www.brandsmalogies.com\/#breadcrumb","itemListElement":[{"@type":"ListItem","position":1,"name":"Home","item":"https:\/\/www.brandsmalogies.com\/"},{"@type":"ListItem","position":2,"name":"Appartement Sneek"}]},{"@type":"WebSite","@id":"https:\/\/www.brandsmalogies.com\/#website","url":"https:\/\/www.brandsmalogies.com\/","name":"Brandsma Logies Sneek","description":"Ruim en modern appartement in de bruisende stad Sneek.","potentialAction":[{"@type":"SearchAction","target":{"@type":"EntryPoint","urlTemplate":"https:\/\/www.brandsmalogies.com\/?s={search_term_string}"},"query-input":{"@type":"PropertyValueSpecification","valueRequired":true,"valueName":"search_term_string"}}],"inLanguage":"nl-NL"}]}},"_links":{"self":[{"href":"https:\/\/www.brandsmalogies.com\/index.php?rest_route=\/wp\/v2\/pages\/54","targetHints":{"allow":["GET"]}}],"collection":[{"href":"https:\/\/www.brandsmalogies.com\/index.php?rest_route=\/wp\/v2\/pages"}],"about":[{"href":"https:\/\/www.brandsmalogies.com\/index.php?rest_route=\/wp\/v2\/types\/page"}],"author":[{"embeddable":true,"href":"https:\/\/www.brandsmalogies.com\/index.php?rest_route=\/wp\/v2\/users\/1"}],"replies":[{"embeddable":true,"href":"https:\/\/www.brandsmalogies.com\/index.php?rest_route=%2Fwp%2Fv2%2Fcomments&post=54"}],"version-history":[{"count":20,"href":"https:\/\/www.brandsmalogies.com\/index.php?rest_route=\/wp\/v2\/pages\/54\/revisions"}],"predecessor-version":[{"id":92,"href":"https:\/\/www.brandsmalogies.com\/index.php?rest_route=\/wp\/v2\/pages\/54\/revisions\/92"}],"wp:attachment":[{"href":"https:\/\/www.brandsmalogies.com\/index.php?rest_route=%2Fwp%2Fv2%2Fmedia&parent=54"}],"curies":[{"name":"wp","href":"https:\/\/api.w.org\/{rel}","templated":true}]}}